{"id":181,"date":"2019-08-19T22:53:34","date_gmt":"2019-08-19T20:53:34","guid":{"rendered":"http:\/\/www.didierbarbeentreprise.com\/?page_id=181"},"modified":"2023-07-06T16:19:37","modified_gmt":"2023-07-06T14:19:37","slug":"le-ratafia","status":"publish","type":"page","link":"https:\/\/www.didierbarbeentreprise.com\/index.php\/le-ratafia\/","title":{"rendered":"Le Ratafia"},"content":{"rendered":"\n<h3 class=\"wp-block-heading\"><u>Pr\u00e9sentation<\/u> :<\/h3>\n\n\n\n<div class=\"wp-block-media-text alignwide\" style=\"grid-template-columns:17% auto\"><figure class=\"wp-block-media-text__media\"><img loading=\"lazy\" decoding=\"async\" width=\"205\" height=\"1024\" src=\"http:\/\/www.didierbarbeentreprise.com\/wp-content\/uploads\/2019\/12\/Ratafia-205x1024.jpg\" alt=\"\" class=\"wp-image-427\" srcset=\"https:\/\/www.didierbarbeentreprise.com\/wp-content\/uploads\/2019\/12\/Ratafia-205x1024.jpg 205w, https:\/\/www.didierbarbeentreprise.com\/wp-content\/uploads\/2019\/12\/Ratafia-60x300.jpg 60w, https:\/\/www.didierbarbeentreprise.com\/wp-content\/uploads\/2019\/12\/Ratafia-768x3832.jpg 768w, https:\/\/www.didierbarbeentreprise.com\/wp-content\/uploads\/2019\/12\/Ratafia.jpg 784w\" sizes=\"auto, (max-width: 205px) 100vw, 205px\" \/><\/figure><div class=\"wp-block-media-text__content\">\n<p class=\"has-drop-cap has-medium-font-size\">Le Ratafia est l&rsquo;ap\u00e9ritif traditionnel des vignerons. Servi pendant les vendanges, au pied du pressoir. On en buvait un verre au Moyen-\u00c2ge, pour ratifier un traiter, d&rsquo;o\u00f9 le nom Ratafia.<\/p>\n\n\n\n<p class=\"has-medium-font-size\">Le Ratafia titre a 18\u00b0.<\/p>\n<\/div><\/div>\n\n\n\n<div class=\"wp-block-media-text alignwide has-media-on-the-right\" style=\"grid-template-columns:auto 38%\"><figure class=\"wp-block-media-text__media\"><img loading=\"lazy\" decoding=\"async\" width=\"897\" height=\"1024\" src=\"http:\/\/www.didierbarbeentreprise.com\/wp-content\/uploads\/2019\/12\/RatafiaVerre-897x1024.jpg\" alt=\"\" class=\"wp-image-428\" srcset=\"https:\/\/www.didierbarbeentreprise.com\/wp-content\/uploads\/2019\/12\/RatafiaVerre-897x1024.jpg 897w, https:\/\/www.didierbarbeentreprise.com\/wp-content\/uploads\/2019\/12\/RatafiaVerre-263x300.jpg 263w, https:\/\/www.didierbarbeentreprise.com\/wp-content\/uploads\/2019\/12\/RatafiaVerre-768x877.jpg 768w, https:\/\/www.didierbarbeentreprise.com\/wp-content\/uploads\/2019\/12\/RatafiaVerre.jpg 1920w\" sizes=\"auto, (max-width: 897px) 100vw, 897px\" \/><\/figure><div class=\"wp-block-media-text__content\">\n<p class=\"has-medium-font-size\">La couleur de sa robe est 100% Authentique. Sans coloration ni d\u00e9coloration. <br>Ce qui fait que notre ratafia change de couleur en fonction du raisin. <\/p>\n<\/div><\/div>\n\n\n\n<h4 class=\"wp-block-heading\">Comment le d\u00e9guster<\/h4>\n\n\n\n<p class=\"has-medium-font-size\">Le ratafia se boit bien frais nature et sans glace.  Agr\u00e9mente les viandes blanches: Chapon aux morilles, Cailles aux raisins etc&#8230; <\/p>\n\n\n\n<div class=\"wp-block-file\"><a href=\"http:\/\/www.didierbarbeentreprise.com\/wp-content\/uploads\/2019\/08\/Ratafia.pdf\">Ratafia Recette<\/a><a href=\"http:\/\/www.didierbarbeentreprise.com\/wp-content\/uploads\/2019\/08\/Ratafia.pdf\" class=\"wp-block-file__button\" download>T\u00e9l\u00e9charger<\/a><\/div>\n\n\n\n<div class=\"wp-block-image\"><figure class=\"aligncenter is-resized\"><img loading=\"lazy\" decoding=\"async\" src=\"http:\/\/www.didierbarbeentreprise.com\/wp-content\/uploads\/2019\/08\/hist-ratafia-1024x576.jpg\" alt=\"\" class=\"wp-image-238\" width=\"512\" height=\"288\" srcset=\"https:\/\/www.didierbarbeentreprise.com\/wp-content\/uploads\/2019\/08\/hist-ratafia-1024x576.jpg 1024w, https:\/\/www.didierbarbeentreprise.com\/wp-content\/uploads\/2019\/08\/hist-ratafia-300x169.jpg 300w, https:\/\/www.didierbarbeentreprise.com\/wp-content\/uploads\/2019\/08\/hist-ratafia-768x432.jpg 768w, https:\/\/www.didierbarbeentreprise.com\/wp-content\/uploads\/2019\/08\/hist-ratafia.jpg 1920w\" sizes=\"auto, (max-width: 512px) 100vw, 512px\" \/><figcaption>Evolution de l&rsquo;habillage du Ratafia<\/figcaption><\/figure><\/div>\n\n\n\n<h4 class=\"wp-block-heading\">Ses d\u00e9clinaisons<\/h4>\n\n\n\n<div class=\"wp-block-media-text alignwide\" style=\"grid-template-columns:35% auto\"><figure class=\"wp-block-media-text__media\"><img loading=\"lazy\" decoding=\"async\" width=\"615\" height=\"1024\" src=\"http:\/\/www.didierbarbeentreprise.com\/wp-content\/uploads\/2019\/12\/Confit-615x1024.png\" alt=\"\" class=\"wp-image-414\" srcset=\"https:\/\/www.didierbarbeentreprise.com\/wp-content\/uploads\/2019\/12\/Confit-615x1024.png 615w, https:\/\/www.didierbarbeentreprise.com\/wp-content\/uploads\/2019\/12\/Confit-180x300.png 180w, https:\/\/www.didierbarbeentreprise.com\/wp-content\/uploads\/2019\/12\/Confit-768x1278.png 768w, https:\/\/www.didierbarbeentreprise.com\/wp-content\/uploads\/2019\/12\/Confit.png 1623w\" sizes=\"auto, (max-width: 615px) 100vw, 615px\" \/><\/figure><div class=\"wp-block-media-text__content\">\n<p class=\"has-medium-font-size\">Confit au ratafia :<\/p>\n\n\n\n<p class=\"has-medium-font-size\">qui peut accompagner du foie gras, des Saint Jacques, du boudin noir ou blanc, ainsi que du chaource.<\/p>\n<\/div><\/div>\n\n\n\n<div class=\"wp-block-file\"><a href=\"http:\/\/www.didierbarbeentreprise.com\/wp-content\/uploads\/2019\/08\/Confit-de-Ratafia-1.pdf\">Confit de Ratafia Recette<\/a><a href=\"http:\/\/www.didierbarbeentreprise.com\/wp-content\/uploads\/2019\/08\/Confit-de-Ratafia-1.pdf\" class=\"wp-block-file__button\" download>T\u00e9l\u00e9charger<\/a><\/div>\n","protected":false},"excerpt":{"rendered":"<p>Pr\u00e9sentation : Le Ratafia est l&rsquo;ap\u00e9ritif traditionnel des vignerons. Servi pendant les vendanges, au pied du pressoir. On en buvait [&hellip;]<\/p>\n","protected":false},"author":1,"featured_media":0,"parent":0,"menu_order":0,"comment_status":"closed","ping_status":"closed","template":"","meta":{"footnotes":""},"class_list":["post-181","page","type-page","status-publish","hentry"],"_links":{"self":[{"href":"https:\/\/www.didierbarbeentreprise.com\/index.php\/wp-json\/wp\/v2\/pages\/181","targetHints":{"allow":["GET"]}}],"collection":[{"href":"https:\/\/www.didierbarbeentreprise.com\/index.php\/wp-json\/wp\/v2\/pages"}],"about":[{"href":"https:\/\/www.didierbarbeentreprise.com\/index.php\/wp-json\/wp\/v2\/types\/page"}],"author":[{"embeddable":true,"href":"https:\/\/www.didierbarbeentreprise.com\/index.php\/wp-json\/wp\/v2\/users\/1"}],"replies":[{"embeddable":true,"href":"https:\/\/www.didierbarbeentreprise.com\/index.php\/wp-json\/wp\/v2\/comments?post=181"}],"version-history":[{"count":41,"href":"https:\/\/www.didierbarbeentreprise.com\/index.php\/wp-json\/wp\/v2\/pages\/181\/revisions"}],"predecessor-version":[{"id":742,"href":"https:\/\/www.didierbarbeentreprise.com\/index.php\/wp-json\/wp\/v2\/pages\/181\/revisions\/742"}],"wp:attachment":[{"href":"https:\/\/www.didierbarbeentreprise.com\/index.php\/wp-json\/wp\/v2\/media?parent=181"}],"curies":[{"name":"wp","href":"https:\/\/api.w.org\/{rel}","templated":true}]}}