{"id":184,"date":"2019-08-19T22:53:34","date_gmt":"2019-08-19T20:53:34","guid":{"rendered":"http:\/\/www.didierbarbeentreprise.com\/?page_id=184"},"modified":"2022-04-27T07:32:25","modified_gmt":"2022-04-27T05:32:25","slug":"le-marc","status":"publish","type":"page","link":"https:\/\/www.didierbarbeentreprise.com\/index.php\/le-marc\/","title":{"rendered":"Le Marc"},"content":{"rendered":"\n<h3 class=\"presentation wp-block-heading\">Pr\u00e9sentation<\/h3>\n\n\n\n<div class=\"wp-block-media-text alignwide\" style=\"grid-template-columns:29% auto\"><figure class=\"wp-block-media-text__media\"><img loading=\"lazy\" decoding=\"async\" width=\"526\" height=\"1024\" src=\"http:\/\/www.didierbarbeentreprise.com\/wp-content\/uploads\/2019\/12\/marc-etuit-G-526x1024.png\" alt=\"\" class=\"wp-image-424\" srcset=\"https:\/\/www.didierbarbeentreprise.com\/wp-content\/uploads\/2019\/12\/marc-etuit-G-526x1024.png 526w, https:\/\/www.didierbarbeentreprise.com\/wp-content\/uploads\/2019\/12\/marc-etuit-G-154x300.png 154w, https:\/\/www.didierbarbeentreprise.com\/wp-content\/uploads\/2019\/12\/marc-etuit-G-768x1495.png 768w, https:\/\/www.didierbarbeentreprise.com\/wp-content\/uploads\/2019\/12\/marc-etuit-G.png 1364w\" sizes=\"auto, (max-width: 526px) 100vw, 526px\" \/><\/figure><div class=\"wp-block-media-text__content\">\n<p class=\"has-drop-cap has-medium-font-size\">Eau de vie obtenue par la distillation de marc provenant uniquement de notre r\u00e9gion. En France les marcs les plus connus sont de Champagne, de Bourgogne et d\u2019Alsace. Pendant les vendanges, le marc de raisin est&nbsp; \u00e9grapp\u00e9, puis mis en fermentation. En hiver, Benjamin Barbe distillera les grains de raisin ferment\u00e9s de fa\u00e7on traditionnelle. Premi\u00e8re, puis bonne chauffe avec des attentions particuli\u00e8res, acquises par exp\u00e9rience dans d\u2019autres r\u00e9gions viticoles. Seul le c\u0153ur de chauffe est gard\u00e9, celui-ci s\u2019affinera lentement&nbsp; en f\u00fbts de ch\u00eane.<\/p>\n<\/div><\/div>\n\n\n\n<div class=\"wp-block-media-text alignwide has-media-on-the-right\" style=\"grid-template-columns:auto 36%\"><figure class=\"wp-block-media-text__media\"><img loading=\"lazy\" decoding=\"async\" width=\"888\" height=\"1024\" src=\"http:\/\/www.didierbarbeentreprise.com\/wp-content\/uploads\/2019\/12\/MarcVerre-888x1024.jpg\" alt=\"\" class=\"wp-image-426\" srcset=\"https:\/\/www.didierbarbeentreprise.com\/wp-content\/uploads\/2019\/12\/MarcVerre-888x1024.jpg 888w, https:\/\/www.didierbarbeentreprise.com\/wp-content\/uploads\/2019\/12\/MarcVerre-260x300.jpg 260w, https:\/\/www.didierbarbeentreprise.com\/wp-content\/uploads\/2019\/12\/MarcVerre-768x886.jpg 768w, https:\/\/www.didierbarbeentreprise.com\/wp-content\/uploads\/2019\/12\/MarcVerre.jpg 1845w\" sizes=\"auto, (max-width: 888px) 100vw, 888px\" \/><\/figure><div class=\"wp-block-media-text__content\">\n<p class=\"has-medium-font-size\">Reconnaissable \u00e0 son nez puissant, ce marc vous s\u00e9duira en bouche par sa forte empreinte de finesse. Il titre a 40\u00b0<\/p>\n<\/div><\/div>\n\n\n\n<h4 class=\"wp-block-heading\">Comment le D\u00e9guster<\/h4>\n\n\n\n<p class=\"has-medium-font-size\">Notre marc se d\u00e9guste en digestif, l\u00e9g\u00e8rement frais. Il peut aussi \u00eatre utiliser pour l\u2019\u00e9laboration de cocktail.<br>Cocktail surprenant : le Marc Cola. 1\/3 Marc de Didier Barbe et 2\/3 Cola<\/p>\n\n\n\n<div class=\"wp-block-file\"><a href=\"http:\/\/www.didierbarbeentreprise.com\/wp-content\/uploads\/2019\/08\/Marc.pdf\">Marc Recette<\/a><a href=\"http:\/\/www.didierbarbeentreprise.com\/wp-content\/uploads\/2019\/08\/Marc.pdf\" class=\"wp-block-file__button\" download>T\u00e9l\u00e9charger<\/a><\/div>\n\n\n\n<p> <\/p>\n","protected":false},"excerpt":{"rendered":"<p>Pr\u00e9sentation Eau de vie obtenue par la distillation de marc provenant uniquement de notre r\u00e9gion. En France les marcs les [&hellip;]<\/p>\n","protected":false},"author":1,"featured_media":0,"parent":0,"menu_order":0,"comment_status":"closed","ping_status":"closed","template":"","meta":{"footnotes":""},"class_list":["post-184","page","type-page","status-publish","hentry"],"_links":{"self":[{"href":"https:\/\/www.didierbarbeentreprise.com\/index.php\/wp-json\/wp\/v2\/pages\/184","targetHints":{"allow":["GET"]}}],"collection":[{"href":"https:\/\/www.didierbarbeentreprise.com\/index.php\/wp-json\/wp\/v2\/pages"}],"about":[{"href":"https:\/\/www.didierbarbeentreprise.com\/index.php\/wp-json\/wp\/v2\/types\/page"}],"author":[{"embeddable":true,"href":"https:\/\/www.didierbarbeentreprise.com\/index.php\/wp-json\/wp\/v2\/users\/1"}],"replies":[{"embeddable":true,"href":"https:\/\/www.didierbarbeentreprise.com\/index.php\/wp-json\/wp\/v2\/comments?post=184"}],"version-history":[{"count":11,"href":"https:\/\/www.didierbarbeentreprise.com\/index.php\/wp-json\/wp\/v2\/pages\/184\/revisions"}],"predecessor-version":[{"id":705,"href":"https:\/\/www.didierbarbeentreprise.com\/index.php\/wp-json\/wp\/v2\/pages\/184\/revisions\/705"}],"wp:attachment":[{"href":"https:\/\/www.didierbarbeentreprise.com\/index.php\/wp-json\/wp\/v2\/media?parent=184"}],"curies":[{"name":"wp","href":"https:\/\/api.w.org\/{rel}","templated":true}]}}