{"id":2,"date":"2019-08-05T09:30:34","date_gmt":"2019-08-05T07:30:34","guid":{"rendered":"http:\/\/www.didierbarbeentreprise.com\/?page_id=2"},"modified":"2023-07-06T16:14:50","modified_gmt":"2023-07-06T14:14:50","slug":"page-d-exemple","status":"publish","type":"page","link":"https:\/\/www.didierbarbeentreprise.com\/","title":{"rendered":"Notre Histoire"},"content":{"rendered":"\n<h3 class=\"wp-block-heading\">Une Histoire de Passion<\/h3>\n\n\n\n<p style=\"text-align:center\" class=\"has-text-color has-large-font-size has-vivid-red-color\">site en cours de r\u00e9alisation<\/p>\n\n\n\n<p style=\"text-align:left\" class=\"has-drop-cap has-normal-font-size\">Didier Barbe\nFils et petit-fils de viticulteur modeste, n\u00e9 dans une famille de 8 enfants.\nDidier \u00e9tait avant de devenir fabriquant de spiritueux monteur vendeur en\nd\u2019optique pendant dix-huit ans \u00e0 Paris puis \u00e0 Troyes. Il r\u00e9active un r\u00eave\nd\u2019enfant quand ses parents partent en retraite, il prend un petit bout de\nvigne, un huiti\u00e8me du vignoble familial. <em>\u00ab&nbsp;Tout petit j\u2019ai baign\u00e9 dans\nl\u2019univers des alcools r\u00e9gionaux&nbsp;\u00bb<\/em>. Didier se consid\u00e8re comme\n\u00ab&nbsp;bricoleur d\u2019ap\u00e9ritif&nbsp;\u00bb, il cr\u00e9\u00e9e son entreprise dans son garage avec\nson premier ap\u00e9ritif issu d\u2019une ancienne recette qui est inspir\u00e9 par son\nvoisin, pour ses d\u00e9but Didier produit 500 bouteilles, \u00e0 \u00e7a grande surprise toutes\nles bouteilles sont vendue, il d\u00e9cide donc l\u2019ann\u00e9e suivante de faire le double\nde sa premi\u00e8re production. Didier chercha longtemps comment nommer son produit,\nil eut plusieurs id\u00e9es. La premi\u00e8re id\u00e9e \u00e9tait de le nommer du pr\u00e9nom de son\nvoisin au pr\u00e8s de qui il avait trouv\u00e9 la recette mais il ne put pas, la seconde\nid\u00e9e \u00e9tait de le nommer du nom du village o\u00f9 il r\u00e9side \u00ab&nbsp;Lusigny&nbsp;\u00bb\nmais il ne put pas, puis apr\u00e8s de longue recherche il d\u00e9cida de le nommer Magra\nBendi qui est une anagramme du d\u00e9but des pr\u00e9noms de sa femme de ses enfants et\nde lui-m\u00eame. En 2001, le petit garage d\u00e9borde il faut donc s\u2019organiser pour\nproduire les premi\u00e8res bouteilles de Ratafia.<\/p>\n\n\n\n<h3 class=\"wp-block-heading\">Une Passion Familiale<\/h3>\n\n\n\n<p class=\"has-text-color has-normal-font-size has-very-dark-gray-color\">En 2012 Benjamin Barbe, le Fils de Didier, s\u2019ennuie dans sa formation agroalimentaire. Il d\u00e9cide de partir \u00e0 cognac pour se former et se joint \u00e0 l\u2019entreprise familiale. L\u2019ann\u00e9e suivante, p\u00e8re et fils se diversifient en cr\u00e9ant une distillerie sur la c\u00f4te des Bars, dans le village natal de Didier. Ils vont avoir du travail car l\u2019alambic qui a deux si\u00e8cles n\u2019a pas fonctionn\u00e9 depuis 50 ans. Depuis cette antiquit\u00e9 de cuivre permet de distiller du Brandy, du Marc, de la liqueur au Safran,  du Limoncello et aussi du Whisky. Benjamin Distille comme il l\u2019a appris \u00e0 Cognac mais aussi avec son nez ce qui donne des alcools fins. <\/p>\n\n\n\n<p style=\"text-align:center\" class=\"has-normal-font-size\"><em>Histoire <\/em>tir\u00e9&nbsp;<em>de&nbsp;\u00ab\u00a0la&nbsp;petite&nbsp;histoire&nbsp;gourmande&nbsp;des&nbsp;grandes&nbsp;marques&nbsp;champenoises\u00a0\u00bb<\/em><\/p>\n\n\n\n<p style=\"text-align:center\" class=\"has-text-color has-normal-font-size has-very-dark-gray-color\"><em><a href=\"https:\/\/www.food-editions.com\/la-petite-histoire-des-grandes-marques\/champagne\/\">https:\/\/www.food-editions.com\/la-petite-histoire-des-grandes-marques\/champagne\/<\/a><\/em><\/p>\n\n\n\n<p style=\"font-size:18px\">L&rsquo;abus d&rsquo;alcool est dangereux pour la sant\u00e9, sachez appr\u00e9cier et, consommer avec mod\u00e9ration. <\/p>\n","protected":false},"excerpt":{"rendered":"<p>Une Histoire de Passion site en cours de r\u00e9alisation Didier Barbe Fils et petit-fils de viticulteur modeste, n\u00e9 dans une [&hellip;]<\/p>\n","protected":false},"author":1,"featured_media":0,"parent":0,"menu_order":0,"comment_status":"closed","ping_status":"closed","template":"template-full-width.php","meta":{"footnotes":""},"class_list":["post-2","page","type-page","status-publish","hentry"],"_links":{"self":[{"href":"https:\/\/www.didierbarbeentreprise.com\/index.php\/wp-json\/wp\/v2\/pages\/2","targetHints":{"allow":["GET"]}}],"collection":[{"href":"https:\/\/www.didierbarbeentreprise.com\/index.php\/wp-json\/wp\/v2\/pages"}],"about":[{"href":"https:\/\/www.didierbarbeentreprise.com\/index.php\/wp-json\/wp\/v2\/types\/page"}],"author":[{"embeddable":true,"href":"https:\/\/www.didierbarbeentreprise.com\/index.php\/wp-json\/wp\/v2\/users\/1"}],"replies":[{"embeddable":true,"href":"https:\/\/www.didierbarbeentreprise.com\/index.php\/wp-json\/wp\/v2\/comments?post=2"}],"version-history":[{"count":28,"href":"https:\/\/www.didierbarbeentreprise.com\/index.php\/wp-json\/wp\/v2\/pages\/2\/revisions"}],"predecessor-version":[{"id":738,"href":"https:\/\/www.didierbarbeentreprise.com\/index.php\/wp-json\/wp\/v2\/pages\/2\/revisions\/738"}],"wp:attachment":[{"href":"https:\/\/www.didierbarbeentreprise.com\/index.php\/wp-json\/wp\/v2\/media?parent=2"}],"curies":[{"name":"wp","href":"https:\/\/api.w.org\/{rel}","templated":true}]}}